{"id":88,"date":"2026-02-13T07:57:38","date_gmt":"2026-02-13T07:57:38","guid":{"rendered":"https:\/\/iwnnegoce.com\/?page_id=88"},"modified":"2026-03-04T19:52:33","modified_gmt":"2026-03-04T19:52:33","slug":"demander-un-devis","status":"publish","type":"page","link":"https:\/\/iwnnegoce.com\/en\/demander-un-devis\/","title":{"rendered":"Request a quote"},"content":{"rendered":"<div class=\"wpb-content-wrapper\"><div style=\"min-height: 450px\" data-vc-parallax=\"1.5\" class=\"vc_row wpb_row vc_row-fluid vc_custom_1771497453398 vc_row-has-fill vc_row-o-content-top vc_row-flex vc_general vc_parallax vc_parallax-content-moving\"><div class=\"wpb_column vc_column_container vc_col-sm-8\"><div class=\"vc_column-inner vc_custom_1478075257916\"><div class=\"wpb_wrapper\"><div class=\"vc_empty_space\"   style=\"height: 200px\"><span class=\"vc_empty_space_inner\"><\/span><\/div><h1 style=\"font-size: 60px;color: #ffffff;line-height: 1;text-align: left\" class=\"vc_custom_heading vc_do_custom_heading vc_custom_1771497100112\" ><strong>Besoin d'un produit?<\/strong><\/h1><h3 style=\"font-size: 45px;color: #ffffff;line-height: 1;text-align: left\" class=\"vc_custom_heading vc_do_custom_heading vc_custom_1771497110570\" >Merci de remplir le formulaire ci-dessous<\/h3><\/div><\/div><\/div><div class=\"wpb_column vc_column_container vc_col-sm-4\"><div class=\"vc_column-inner\"><div class=\"wpb_wrapper\"><\/div><\/div><\/div><\/div><div class=\"vc_row wpb_row vc_row-fluid vc_custom_1771497424057\"><div class=\"wpb_column vc_column_container vc_col-sm-12\"><div class=\"vc_column-inner\"><div class=\"wpb_wrapper\">\n<div class=\"wpcf7 no-js\" id=\"wpcf7-f513-o1\" lang=\"fr-FR\" dir=\"ltr\" data-wpcf7-id=\"513\">\n<div class=\"screen-reader-response\"><p role=\"status\" aria-live=\"polite\" aria-atomic=\"true\"><\/p> <ul><\/ul><\/div>\n<form action=\"\/en\/wp-json\/wp\/v2\/pages\/88#wpcf7-f513-o1\" method=\"post\" class=\"wpcf7-form init\" aria-label=\"Formulaire de contact\" novalidate=\"novalidate\" data-status=\"init\">\n<fieldset class=\"hidden-fields-container\"><input type=\"hidden\" name=\"_wpcf7\" value=\"513\" \/><input type=\"hidden\" name=\"_wpcf7_version\" value=\"6.1.5\" \/><input type=\"hidden\" name=\"_wpcf7_locale\" value=\"fr_FR\" \/><input type=\"hidden\" name=\"_wpcf7_unit_tag\" value=\"wpcf7-f513-o1\" \/><input type=\"hidden\" name=\"_wpcf7_container_post\" value=\"0\" \/><input type=\"hidden\" name=\"_wpcf7_posted_data_hash\" value=\"\" \/>\n<\/fieldset>\n<h4>Demande de devis\n<\/h4>\n<hr \/>\n<p style=\"text-align=justify\"><br \/>\nMerci de remplir ce formulaire pour demander un devis. Nous vous r\u00e9pondrons dans les meilleurs d\u00e9lais. Les champs marqu\u00e9s d\u2019un ast\u00e9risque (*) sont obligatoires.\n<\/p>\n<hr \/>\n<h4>Contact\n<\/h4>\n<hr \/>\n<div class=\"vc_row\">\n\t<div class=\"vc_col-sm-6\">\n\t\t<div class=\"vc_row\">\n\t\t\t<div class=\"vc_col-sm-5\">\n\t\t\t\t<p><label>Civilit\u00e9 <i class=\"required\">*<\/i><\/label>\n\t\t\t\t<\/p>\n\t\t\t<\/div>\n\t\t\t<div class=\"vc_col-sm-7\">\n\t\t\t\t<p><span class=\"wpcf7-form-control-wrap\" data-name=\"civilite\"><select class=\"wpcf7-form-control wpcf7-select\" id=\"civilite\" aria-invalid=\"false\" name=\"civilite\"><option value=\"--A s\u00e9lectionner--\">--A s\u00e9lectionner--<\/option><option value=\"Mme\">Mme<\/option><option value=\"M.\">M.<\/option><\/select><\/span>\n\t\t\t\t<\/p>\n\t\t\t<\/div>\n\t\t<\/div>\n\t\t<div class=\"vc_row\">\n\t\t\t<div class=\"vc_col-sm-5\">\n\t\t\t\t<p><label>Nom <i class=\"required\">*<\/i><\/label>\n\t\t\t\t<\/p>\n\t\t\t<\/div>\n\t\t\t<div class=\"vc_col-sm-7\">\n\t\t\t\t<p><span class=\"wpcf7-form-control-wrap\" data-name=\"nom\"><input size=\"40\" maxlength=\"400\" class=\"wpcf7-form-control wpcf7-text wpcf7-validates-as-required\" id=\"nom\" aria-required=\"true\" aria-invalid=\"false\" value=\"\" type=\"text\" name=\"nom\" \/><\/span>\n\t\t\t\t<\/p>\n\t\t\t<\/div>\n\t\t<\/div>\n\t\t<div class=\"vc_row\">\n\t\t\t<div class=\"vc_col-sm-5\">\n\t\t\t\t<p><label>Pr\u00e9noms <i class=\"required\">*<\/i><\/label>\n\t\t\t\t<\/p>\n\t\t\t<\/div>\n\t\t\t<div class=\"vc_col-sm-7\">\n\t\t\t\t<p><span class=\"wpcf7-form-control-wrap\" data-name=\"prenom\"><input size=\"40\" maxlength=\"400\" class=\"wpcf7-form-control wpcf7-text wpcf7-validates-as-required\" id=\"prenom\" aria-required=\"true\" aria-invalid=\"false\" value=\"\" type=\"text\" name=\"prenom\" \/><\/span>\n\t\t\t\t<\/p>\n\t\t\t<\/div>\n\t\t<\/div>\n\t\t<div class=\"vc_row\">\n\t\t\t<div class=\"vc_col-sm-5\">\n\t\t\t\t<p><label>Fonction<\/label>\n\t\t\t\t<\/p>\n\t\t\t<\/div>\n\t\t\t<div class=\"vc_col-sm-7\">\n\t\t\t\t<p><span class=\"wpcf7-form-control-wrap\" data-name=\"fonction\"><input size=\"40\" maxlength=\"400\" class=\"wpcf7-form-control wpcf7-text wpcf7-validates-as-required\" id=\"fonction\" aria-required=\"true\" aria-invalid=\"false\" value=\"\" type=\"text\" name=\"fonction\" \/><\/span>\n\t\t\t\t<\/p>\n\t\t\t<\/div>\n\t\t<\/div>\n\t\t<div class=\"vc_row\">\n\t\t\t<div class=\"vc_col-sm-5\">\n\t\t\t\t<p><label>Telephone <i class=\"required\">*<\/i><\/label>\n\t\t\t\t<\/p>\n\t\t\t<\/div>\n\t\t\t<div class=\"vc_col-sm-7\">\n\t\t\t\t<p><span class=\"wpcf7-form-control-wrap\" data-name=\"telephone\"><input size=\"40\" maxlength=\"400\" class=\"wpcf7-form-control wpcf7-text wpcf7-validates-as-required\" id=\"telephone\" aria-required=\"true\" aria-invalid=\"false\" value=\"\" type=\"text\" name=\"telephone\" \/><\/span>\n\t\t\t\t<\/p>\n\t\t\t<\/div>\n\t\t<\/div>\n\t\t<div class=\"vc_row\">\n\t\t\t<div class=\"vc_col-sm-5\">\n\t\t\t\t<p><label>Email <i class=\"required\">*<\/i><\/label>\n\t\t\t\t<\/p>\n\t\t\t<\/div>\n\t\t\t<div class=\"vc_col-sm-7\">\n\t\t\t\t<p><span class=\"wpcf7-form-control-wrap\" data-name=\"email\"><input size=\"40\" maxlength=\"400\" class=\"wpcf7-form-control wpcf7-email wpcf7-validates-as-required wpcf7-text wpcf7-validates-as-email\" id=\"email\" aria-required=\"true\" aria-invalid=\"false\" value=\"\" type=\"email\" name=\"email\" \/><\/span>\n\t\t\t\t<\/p>\n\t\t\t<\/div>\n\t\t<\/div>\n\t\t<div class=\"vc_row\">\n\t\t\t<div class=\"vc_col-sm-5\">\n\t\t\t\t<p><label>Site internet<\/label>\n\t\t\t\t<\/p>\n\t\t\t<\/div>\n\t\t\t<div class=\"vc_col-sm-7\">\n\t\t\t\t<p><span class=\"wpcf7-form-control-wrap\" data-name=\"siteInternet\"><input size=\"40\" maxlength=\"400\" class=\"wpcf7-form-control wpcf7-url wpcf7-text wpcf7-validates-as-url\" id=\"siteInternet\" aria-invalid=\"false\" value=\"\" type=\"url\" name=\"siteInternet\" \/><\/span>\n\t\t\t\t<\/p>\n\t\t\t<\/div>\n\t\t\t<div class=\"vc_row\">\n\t\t\t\t<div class=\"vc_col-sm-5\">\n\t\t\t\t\t<p><label>Ville <i class=\"required\">*<\/i><\/label>\n\t\t\t\t\t<\/p>\n\t\t\t\t<\/div>\n\t\t\t\t<div class=\"vc_col-sm-7\">\n\t\t\t\t\t<p><span class=\"wpcf7-form-control-wrap\" data-name=\"ville\"><input size=\"40\" maxlength=\"400\" class=\"wpcf7-form-control wpcf7-text wpcf7-validates-as-required\" id=\"ville\" aria-required=\"true\" aria-invalid=\"false\" value=\"\" type=\"text\" name=\"ville\" \/><\/span>\n\t\t\t\t\t<\/p>\n\t\t\t\t<\/div>\n\t\t\t<\/div>\n\t\t\t<div class=\"vc_row\">\n\t\t\t\t<div class=\"vc_col-sm-5\">\n\t\t\t\t\t<p><label>Pays <i class=\"required\">*<\/i><\/label>\n\t\t\t\t\t<\/p>\n\t\t\t\t<\/div>\n\t\t\t\t<div class=\"vc_col-sm-7\">\n\t\t\t\t\t<p><span class=\"wpcf7-form-control-wrap\" data-name=\"pays\"><input size=\"40\" class=\"wpcf7-form-control wpcf7-countrytext wpcf7-text wpcf7-validates-as-countrytext\" id=\"pays\" aria-invalid=\"false\" value=\"\" type=\"text\" name=\"pays\" \/><\/span>\n\t\t\t\t\t<\/p>\n\t\t\t\t<\/div>\n\t\t\t<\/div>\n\t\t<\/div>\n\t<\/div>\n<\/div>\n<hr \/>\n<h4>S\u00e9lectionner le(s) produit(s)\n<\/h4>\n<hr \/>\n<div class=\"vc_row\">\n\t<div class=\"vc_col-sm-12\">\n\t\t<p style=\"text-align:justify\"><br \/>\nChoisissez dans le menu d\u00e9roulant le(s) produit(s) que vous souhaitez commander puis entrez la quantit\u00e9 souhait\u00e9e (KG).<br \/>\nCliquez \u00e0 chaque fois sur le bouton (<strong class=\"text-primary\">+<\/strong>) orange en dessous pour ajouter un autre produit.<br \/>\nPour annuler une ligne de produit, veuillez cliquer sur le bouton (<strong class=\"text-danger\">-<\/strong>).\n\t\t<\/p>\n\t<\/div>\n<\/div>\n<hr \/>\n<h5>Produits \u00e0 importer\n<\/h5>\n<hr \/>\n<div data-wpcf7-group-id=\"produit\" id=\"produit\" tabindex=\"2\" class=\"wpcf7-field-groups \">\n\t<div class=\"wpcf7-field-group\">\n\t\t<div class=\"vc_row\">\n\t\t\t<div class=\"vc_col-sm-6\">\n\t\t\t\t<div class=\"vc_row\">\n\t\t\t\t\t<div class=\"vc_col-sm-5\">\n\t\t\t\t\t\t<p><label>Produit <\/label>\n\t\t\t\t\t\t<\/p>\n\t\t\t\t\t<\/div>\n\t\t\t\t\t<div class=\"vc_col-sm-7\">\n\t\t\t\t\t\t<p><span class=\"wpcf7-form-control-wrap\" data-name=\"produitexp\"><select class=\"wpcf7-form-control wpcf7-select wpcf7-validates-as-required\" id=\"produitexp\" aria-required=\"true\" aria-invalid=\"false\" name=\"produitexp\"><option value=\"--A s\u00e9lectionner--\">--A s\u00e9lectionner--<\/option><option value=\"Gingembre frais\">Gingembre frais<\/option><option value=\"Gingembre s\u00e9ch\u00e9\">Gingembre s\u00e9ch\u00e9<\/option><option value=\"Gingembre poudre\">Gingembre poudre<\/option><option value=\"Souchets (Pois sucr\u00e9)\">Souchets (Pois sucr\u00e9)<\/option><option value=\"Poudre de Baobab\">Poudre de Baobab<\/option><option value=\"Moringa poudre\">Moringa poudre<\/option><option value=\"Moringa feuille\">Moringa feuille<\/option><option value=\"Mangues s\u00e9ch\u00e9es\">Mangues s\u00e9ch\u00e9es<\/option><option value=\"Moringa huile\">Moringa huile<\/option><option value=\"Hibiscus sabdariffa (bissap)\">Hibiscus sabdariffa (bissap)<\/option><option value=\"Gomme arabique\">Gomme arabique<\/option><option value=\"Anacarde\">Anacarde<\/option><option value=\"S\u00e9same\">S\u00e9same<\/option><option value=\"Fonio\">Fonio<\/option><option value=\"Beurre de Karit\u00e9\">Beurre de Karit\u00e9<\/option><\/select><\/span>\n\t\t\t\t\t\t<\/p>\n\t\t\t\t\t<\/div>\n\t\t\t\t<\/div>\n\t\t\t<\/div>\n\t\t\t<div class=\"vc_col-sm-6\">\n\t\t\t\t<div class=\"vc_row\">\n\t\t\t\t\t<div class=\"vc_col-sm-5\">\n\t\t\t\t\t\t<p><label>Quantit\u00e9 (en KG) <\/label>\n\t\t\t\t\t\t<\/p>\n\t\t\t\t\t<\/div>\n\t\t\t\t\t<div class=\"vc_col-sm-4\">\n\t\t\t\t\t\t<p><span class=\"wpcf7-form-control-wrap\" data-name=\"quantitexp\"><input class=\"wpcf7-form-control wpcf7-number wpcf7-validates-as-required wpcf7-validates-as-number\" id=\"quantitexp\" aria-required=\"true\" aria-invalid=\"false\" value=\"\" type=\"number\" name=\"quantitexp\" \/><\/span>\n\t\t\t\t\t\t<\/p>\n\t\t\t\t\t<\/div>\n\t\t\t\t<\/div>\n\t\t\t<\/div>\n\t\t<\/div>\n\t\t<p><button type='button' class='wpcf7-field-group-remove '>-<\/button><button type='button' class='wpcf7-field-group-add '>+<\/button><input type=\"hidden\" class=\"wpcf7-field-group-count\" name=\"_wpcf7_groups_count[produit]\" value=\"1\" \/>\n\t\t<\/p>\n\t<\/div>\n<\/div>\n<hr \/>\n<h5>Produits \u00e0 importer\n<\/h5>\n<hr \/>\n<div data-wpcf7-group-id=\"produit\" id=\"produit\" tabindex=\"2\" class=\"wpcf7-field-groups \">\n\t<div class=\"wpcf7-field-group\">\n\t\t<div class=\"vc_row\">\n\t\t\t<div class=\"vc_col-sm-6\">\n\t\t\t\t<div class=\"vc_row\">\n\t\t\t\t\t<div class=\"vc_col-sm-5\">\n\t\t\t\t\t\t<p><label>Produit <\/label>\n\t\t\t\t\t\t<\/p>\n\t\t\t\t\t<\/div>\n\t\t\t\t\t<div class=\"vc_col-sm-7\">\n\t\t\t\t\t\t<p><span class=\"wpcf7-form-control-wrap\" data-name=\"produit\"><select class=\"wpcf7-form-control wpcf7-select wpcf7-validates-as-required\" id=\"produit\" aria-required=\"true\" aria-invalid=\"false\" name=\"produit\"><option value=\"--A s\u00e9lectionner--\">--A s\u00e9lectionner--<\/option><option value=\"Vitamines et min\u00e9raux\">Vitamines et min\u00e9raux<\/option><option value=\"Pr\u00e9mix\">Pr\u00e9mix<\/option><option value=\"Micronutriments multiples (MMS)\">Micronutriments multiples (MMS)<\/option><option value=\"Stabilisants\">Stabilisants<\/option><option value=\"Ferments\">Ferments<\/option><option value=\"Ingr\u00e9dients fonctionnels\">Ingr\u00e9dients fonctionnels<\/option><option value=\"Probiotiques\">Probiotiques<\/option><option value=\"Extraits de plantes\">Extraits de plantes<\/option><option value=\"Acides amin\u00e9s\">Acides amin\u00e9s<\/option><option value=\"Fibres\">Fibres<\/option><option value=\"Enzymes\">Enzymes<\/option><option value=\"Antioxydants\">Antioxydants<\/option><option value=\"Ar\u00f4mes naturels\">Ar\u00f4mes naturels<\/option><option value=\"Produits laitiers\">Produits laitiers<\/option><option value=\"Produits d\u2019hygi\u00e8ne et de soins\">Produits d\u2019hygi\u00e8ne et de soins<\/option><option value=\"Compl\u00e9ments alimentaires\">Compl\u00e9ments alimentaires<\/option><\/select><\/span>\n\t\t\t\t\t\t<\/p>\n\t\t\t\t\t<\/div>\n\t\t\t\t<\/div>\n\t\t\t<\/div>\n\t\t\t<div class=\"vc_col-sm-6\">\n\t\t\t\t<div class=\"vc_row\">\n\t\t\t\t\t<div class=\"vc_col-sm-5\">\n\t\t\t\t\t\t<p><label>Quantit\u00e9 (en KG) <\/label>\n\t\t\t\t\t\t<\/p>\n\t\t\t\t\t<\/div>\n\t\t\t\t\t<div class=\"vc_col-sm-4\">\n\t\t\t\t\t\t<p><span class=\"wpcf7-form-control-wrap\" data-name=\"quantitea\"><input class=\"wpcf7-form-control wpcf7-number wpcf7-validates-as-required wpcf7-validates-as-number\" id=\"quantitea\" aria-required=\"true\" aria-invalid=\"false\" value=\"\" type=\"number\" name=\"quantitea\" \/><\/span>\n\t\t\t\t\t\t<\/p>\n\t\t\t\t\t<\/div>\n\t\t\t\t<\/div>\n\t\t\t<\/div>\n\t\t<\/div>\n\t\t<p><button type='button' class='wpcf7-field-group-remove '>-<\/button><button type='button' class='wpcf7-field-group-add '>+<\/button><input type=\"hidden\" class=\"wpcf7-field-group-count\" name=\"_wpcf7_groups_count[produit]\" value=\"1\" \/>\n\t\t<\/p>\n\t<\/div>\n<\/div>\n<hr \/>\n<h4>Mode et zone de livraison\n<\/h4>\n<hr \/>\n<div class=\"vc_row\">\n\t<div class=\"vc_col-sm-4\">\n\t\t<div class=\"vc_row\">\n\t\t\t<div class=\"vc_col-sm-5\">\n\t\t\t\t<p><label>Type de transport <\/label>\n\t\t\t\t<\/p>\n\t\t\t<\/div>\n\t\t\t<div class=\"vc_col-sm-7\">\n\t\t\t\t<p><span class=\"wpcf7-form-control-wrap\" data-name=\"typeLivraison\"><select class=\"wpcf7-form-control wpcf7-select wpcf7-validates-as-required\" id=\"typeLivraison\" aria-required=\"true\" aria-invalid=\"false\" name=\"typeLivraison\"><option value=\"--A s\u00e9lectionner--\">--A s\u00e9lectionner--<\/option><option value=\"Air\">Air<\/option><option value=\"Mer\">Mer<\/option><option value=\"Route\">Route<\/option><option value=\"Incoterms\">Incoterms<\/option><\/select><\/span>\n\t\t\t\t<\/p>\n\t\t\t<\/div>\n\t\t<\/div>\n\t<\/div>\n\t<div class=\"vc_col-sm-4\">\n\t\t<div class=\"vc_row\">\n\t\t\t<div class=\"vc_col-sm-3\">\n\t\t\t\t<p><label>Pays <\/label>\n\t\t\t\t<\/p>\n\t\t\t<\/div>\n\t\t\t<div class=\"vc_col-sm-9\">\n\t\t\t\t<p><span class=\"wpcf7-form-control-wrap\" data-name=\"paysLivraison\"><input size=\"40\" class=\"wpcf7-form-control wpcf7-countrytext wpcf7-text wpcf7-validates-as-countrytext\" id=\"paysLivraison\" aria-invalid=\"false\" value=\"\" type=\"text\" name=\"paysLivraison\" \/><\/span>\n\t\t\t\t<\/p>\n\t\t\t<\/div>\n\t\t<\/div>\n\t<\/div>\n\t<div class=\"vc_col-sm-4\">\n\t\t<div class=\"vc_row\">\n\t\t\t<div class=\"vc_col-sm-3\">\n\t\t\t\t<p><label>Ville <\/label>\n\t\t\t\t<\/p>\n\t\t\t<\/div>\n\t\t\t<div class=\"vc_col-sm-9\">\n\t\t\t\t<p><span class=\"wpcf7-form-control-wrap\" data-name=\"villeLivraison\"><input size=\"40\" maxlength=\"400\" class=\"wpcf7-form-control wpcf7-text\" id=\"villeLivraison\" aria-invalid=\"false\" value=\"\" type=\"text\" name=\"villeLivraison\" \/><\/span>\n\t\t\t\t<\/p>\n\t\t\t<\/div>\n\t\t<\/div>\n\t<\/div>\n<\/div>\n<hr \/>\n<h4>Commentaire ou note\n<\/h4>\n<hr \/>\n<div class=\"vc_row\">\n\t<div class=\"vc_col-sm-12\">\n\t\t<p><label>Message compl\u00e9mentaire \/ instructions particuli\u00e8res<\/label><br \/>\n<span class=\"wpcf7-form-control-wrap\" data-name=\"commentaire\"><textarea cols=\"40\" rows=\"5\" maxlength=\"2000\" class=\"wpcf7-form-control wpcf7-textarea\" aria-invalid=\"false\" placeholder=\"Saisissez ici toute information utile concernant votre demande (conditionnement, urgence, sp\u00e9cifications techniques, etc.)\" name=\"commentaire\"><\/textarea><\/span>\n\t\t<\/p>\n\t<\/div>\n<\/div>\n<hr \/>\n<h4>Contr\u00f4le des informations\n<\/h4>\n<hr \/>\n<div class=\"vc_row\">\n\t<div class=\"vc_col-sm-6\">\n\t\t<div class=\"vc_row\">\n\t\t\t<div class=\"vc_col-md-10\">\n\t\t\t\t<p><label>Code de s\u00e9curit\u00e9 \u00e0 recopier dans le champ sur la droite <i class=\"required\">*<\/i><\/label>\n\t\t\t\t<\/p>\n\t\t\t<\/div>\n\t\t\t<div class=\"vc_col-md-5\">\n\t\t\t\t<p><input type=\"hidden\" name=\"_wpcf7_captcha_challenge_captcha-118\" value=\"2542174687\" \/><img loading=\"lazy\" decoding=\"async\" class=\"wpcf7-form-control wpcf7-captchac wpcf7-captcha-captcha-118\" width=\"84\" height=\"28\" alt=\"captcha\" src=\"https:\/\/iwnnegoce.com\/wp-content\/uploads\/wpcf7_captcha\/2542174687.png\" \/>\n\t\t\t\t<\/p>\n\t\t\t<\/div>\n\t\t<\/div>\n\t<\/div>\n\t<div class=\"vc_col-sm-6\">\n\t\t<div class=\"vc_row\">\n\t\t\t<div class=\"vc_col-sm-5\">\n\t\t\t\t<p><span class=\"wpcf7-form-control-wrap\" data-name=\"captcha-118\"><input size=\"4\" maxlength=\"4\" class=\"wpcf7-form-control wpcf7-captchar\" autocomplete=\"off\" aria-invalid=\"false\" value=\"\" type=\"text\" name=\"captcha-118\" \/><\/span>\n\t\t\t\t<\/p>\n\t\t\t<\/div>\n\t\t<\/div>\n\t<\/div>\n<\/div>\n<div class=\"vc_row\">\n\t<div class=\"vc_col-sm-6\">\n\t\t<p><input class=\"wpcf7-form-control wpcf7-submit has-spinner\" type=\"submit\" value=\"Envoyer\" \/>\n\t\t<\/p>\n\t<\/div>\n<\/div><p style=\"display: none !important;\" class=\"akismet-fields-container\" data-prefix=\"_wpcf7_ak_\"><label>&#916;<textarea name=\"_wpcf7_ak_hp_textarea\" cols=\"45\" rows=\"8\" maxlength=\"100\"><\/textarea><\/label><input type=\"hidden\" id=\"ak_js_1\" name=\"_wpcf7_ak_js\" value=\"128\"\/><script>document.getElementById( \"ak_js_1\" ).setAttribute( \"value\", ( new Date() ).getTime() );<\/script><\/p><div class=\"wpcf7-response-output\" aria-hidden=\"true\"><\/div>\n<\/form>\n<\/div>\n<\/div><\/div><\/div><\/div><div class=\"vc_row wpb_row vc_row-fluid\"><div class=\"wpb_column vc_column_container vc_col-sm-12\"><div class=\"vc_column-inner\"><div class=\"wpb_wrapper\"><\/div><\/div><\/div><\/div>\n<\/div>","protected":false},"excerpt":{"rendered":"Besoin d'un produit?Merci de remplir le formulaire ci-dessous Demande de devis Merci de remplir ce formulaire pour demander un devis. [...]","protected":false},"author":1,"featured_media":0,"parent":0,"menu_order":0,"comment_status":"closed","ping_status":"closed","template":"","meta":{"site-sidebar-layout":"no-sidebar","site-content-layout":"plain-container","ast-site-content-layout":"default","site-content-style":"default","site-sidebar-style":"default","ast-global-header-display":"","ast-banner-title-visibility":"","ast-main-header-display":"","ast-hfb-above-header-display":"","ast-hfb-below-header-display":"","ast-hfb-mobile-header-display":"","site-post-title":"disabled","ast-breadcrumbs-content":"","ast-featured-img":"disabled","footer-sml-layout":"","ast-disable-related-posts":"","theme-transparent-header-meta":"default","adv-header-id-meta":"","stick-header-meta":"","header-above-stick-meta":"","header-main-stick-meta":"","header-below-stick-meta":"","astra-migrate-meta-layouts":"set","ast-page-background-enabled":"default","ast-page-background-meta":{"desktop":{"background-color":"var(--ast-global-color-5)","background-image":"","background-repeat":"repeat","background-position":"center center","background-size":"auto","background-attachment":"scroll","background-type":"","background-media":"","overlay-type":"","overlay-color":"","overlay-opacity":"","overlay-gradient":""},"tablet":{"background-color":"","background-image":"","background-repeat":"repeat","background-position":"center center","background-size":"auto","background-attachment":"scroll","background-type":"","background-media":"","overlay-type":"","overlay-color":"","overlay-opacity":"","overlay-gradient":""},"mobile":{"background-color":"","background-image":"","background-repeat":"repeat","background-position":"center center","background-size":"auto","background-attachment":"scroll","background-type":"","background-media":"","overlay-type":"","overlay-color":"","overlay-opacity":"","overlay-gradient":""}},"ast-content-background-meta":{"desktop":{"background-color":"var(--ast-global-color-4)","background-image":"","background-repeat":"repeat","background-position":"center center","background-size":"auto","background-attachment":"scroll","background-type":"","background-media":"","overlay-type":"","overlay-color":"","overlay-opacity":"","overlay-gradient":""},"tablet":{"background-color":"var(--ast-global-color-4)","background-image":"","background-repeat":"repeat","background-position":"center center","background-size":"auto","background-attachment":"scroll","background-type":"","background-media":"","overlay-type":"","overlay-color":"","overlay-opacity":"","overlay-gradient":""},"mobile":{"background-color":"var(--ast-global-color-4)","background-image":"","background-repeat":"repeat","background-position":"center center","background-size":"auto","background-attachment":"scroll","background-type":"","background-media":"","overlay-type":"","overlay-color":"","overlay-opacity":"","overlay-gradient":""}},"footnotes":""},"class_list":["post-88","page","type-page","status-publish","hentry"],"aioseo_notices":[],"_hostinger_reach_plugin_has_subscription_block":false,"_hostinger_reach_plugin_is_elementor":false,"_links":{"self":[{"href":"https:\/\/iwnnegoce.com\/en\/wp-json\/wp\/v2\/pages\/88","targetHints":{"allow":["GET"]}}],"collection":[{"href":"https:\/\/iwnnegoce.com\/en\/wp-json\/wp\/v2\/pages"}],"about":[{"href":"https:\/\/iwnnegoce.com\/en\/wp-json\/wp\/v2\/types\/page"}],"author":[{"embeddable":true,"href":"https:\/\/iwnnegoce.com\/en\/wp-json\/wp\/v2\/users\/1"}],"replies":[{"embeddable":true,"href":"https:\/\/iwnnegoce.com\/en\/wp-json\/wp\/v2\/comments?post=88"}],"version-history":[{"count":19,"href":"https:\/\/iwnnegoce.com\/en\/wp-json\/wp\/v2\/pages\/88\/revisions"}],"predecessor-version":[{"id":288,"href":"https:\/\/iwnnegoce.com\/en\/wp-json\/wp\/v2\/pages\/88\/revisions\/288"}],"wp:attachment":[{"href":"https:\/\/iwnnegoce.com\/en\/wp-json\/wp\/v2\/media?parent=88"}],"curies":[{"name":"wp","href":"https:\/\/api.w.org\/{rel}","templated":true}]}}