{"id":82,"date":"2026-02-13T07:56:01","date_gmt":"2026-02-13T07:56:01","guid":{"rendered":"https:\/\/iwnnegoce.com\/?page_id=82"},"modified":"2026-03-04T19:51:38","modified_gmt":"2026-03-04T19:51:38","slug":"a-propos","status":"publish","type":"page","link":"https:\/\/iwnnegoce.com\/en\/a-propos\/","title":{"rendered":"About us"},"content":{"rendered":"<div class=\"wpb-content-wrapper\"><div style=\"min-height: 700px\" data-vc-full-width=\"true\" data-vc-full-width-temp=\"true\" data-vc-full-width-init=\"false\" data-vc-stretch-content=\"true\" class=\"vc_row wpb_row vc_row-fluid wpb_animate_when_almost_visible wpb_fadeIn fadeIn vc_custom_1771423875171 vc_row-has-fill vc_row-no-padding vc_row-o-full-height vc_row-o-columns-top vc_row-o-content-top vc_row-flex\"><div class=\"wpb_column vc_column_container vc_col-sm-12\"><div class=\"vc_column-inner\"><div class=\"wpb_wrapper\"><h1 style=\"font-size: 60px;color: #FFFFFF;line-height: 1;text-align: left\" class=\"vc_custom_heading vc_do_custom_heading wpb_animate_when_almost_visible wpb_fadeInLeft fadeInLeft vc_custom_1771498162019\" >IWONOR NEGOCE<\/h1>\n\t<div class=\"wpb_text_column wpb_content_element wpb_animate_when_almost_visible wpb_fadeInLeft fadeInLeft vc_custom_1771498398866\" >\n\t\t<div class=\"wpb_wrapper\">\n\t\t\t<h2 style=\"text-align: left; color: #f39c12; margin: 0 0 5px 0;\"><strong>Trust as standard,<\/strong><\/h2>\n<h2 style=\"text-align: left; color: #f39c12; margin: 0;\"><strong>quality as a promise<\/strong><\/h2>\n\n\t\t<\/div>\n\t<\/div>\n<\/div><\/div><\/div><\/div><div class=\"vc_row-full-width vc_clearfix\"><\/div><div style=\"min-height: 300px\" class=\"vc_row wpb_row vc_row-fluid vc_custom_1771497849530 vc_row-has-fill vc_row-o-equal-height vc_row-o-content-middle vc_row-flex\"><div class=\"wpb_column vc_column_container vc_col-sm-6\"><div class=\"vc_column-inner\"><div class=\"wpb_wrapper\">\n\t<div  class=\"wpb_single_image wpb_content_element vc_align_center wpb_content_element\">\n\t\t\n\t\t<figure class=\"wpb_wrapper vc_figure\">\n\t\t\t<div class=\"vc_single_image-wrapper   vc_box_border_grey\"><img loading=\"lazy\" decoding=\"async\" width=\"512\" height=\"512\" src=\"https:\/\/iwnnegoce.com\/wp-content\/uploads\/2026\/02\/cropped-IWONOR_LOGO-03.png\" class=\"vc_single_image-img attachment-full\" alt=\"\" title=\"cropped-IWONOR_LOGO-03.png\" srcset=\"https:\/\/iwnnegoce.com\/wp-content\/uploads\/2026\/02\/cropped-IWONOR_LOGO-03.png 512w, https:\/\/iwnnegoce.com\/wp-content\/uploads\/2026\/02\/cropped-IWONOR_LOGO-03-300x300.png 300w, https:\/\/iwnnegoce.com\/wp-content\/uploads\/2026\/02\/cropped-IWONOR_LOGO-03-150x150.png 150w, https:\/\/iwnnegoce.com\/wp-content\/uploads\/2026\/02\/cropped-IWONOR_LOGO-03-270x270.png 270w, https:\/\/iwnnegoce.com\/wp-content\/uploads\/2026\/02\/cropped-IWONOR_LOGO-03-192x192.png 192w, https:\/\/iwnnegoce.com\/wp-content\/uploads\/2026\/02\/cropped-IWONOR_LOGO-03-180x180.png 180w, https:\/\/iwnnegoce.com\/wp-content\/uploads\/2026\/02\/cropped-IWONOR_LOGO-03-32x32.png 32w\" sizes=\"auto, (max-width: 512px) 100vw, 512px\" \/><\/div>\n\t\t<\/figure>\n\t<\/div>\n<\/div><\/div><\/div><div class=\"wpb_column vc_column_container vc_col-sm-6\"><div class=\"vc_column-inner\"><div class=\"wpb_wrapper\"><h2 style=\"font-size: 38px;color: #ffffff;line-height: 1;text-align: left\" class=\"vc_custom_heading vc_do_custom_heading\" >WHO WE ARE<\/h2><div class=\"vc_empty_space\"   style=\"height: 32px\"><span class=\"vc_empty_space_inner\"><\/span><\/div>\n\t<div class=\"wpb_text_column wpb_content_element\" >\n\t\t<div class=\"wpb_wrapper\">\n\t\t\t<div style=\"color: white;\">\n<p style=\"text-align: justify;\"><strong>IWONOR NEGOCE<\/strong> is an innovative company operating at the crossroads of the\u2019<strong>agri-food<\/strong> and <strong>parapharmacy<\/strong>. It was created to offer quality products to national and international players.<\/p>\n<p style=\"text-align: justify;\">We export high-quality materials to CODEX standards and customer specifications.<\/p>\n<p style=\"text-align: justify;\">We import and distribute high-quality products designed to improve people's well-being, nutrition and health.<\/p>\n<p style=\"text-align: justify;\">Our company relies on local know-how, modern technologies and a multidisciplinary team passionate about innovation and quality.<\/p>\n<\/div>\n<p>\u00ab\u00a0<\/p>\n\n\t\t<\/div>\n\t<\/div>\n<\/div><\/div><\/div><\/div><div class=\"vc_row wpb_row vc_row-fluid\"><div class=\"wpb_column vc_column_container vc_col-sm-12\"><div class=\"vc_column-inner\"><div class=\"wpb_wrapper\"><h1 style=\"text-align: center\" class=\"vc_custom_heading vc_do_custom_heading\" >OUR VALUES<\/h1><\/div><\/div><\/div><\/div><div class=\"vc_row wpb_row vc_row-fluid vc_custom_1496755964373 vc_column-gap-15 vc_row-o-equal-height vc_row-flex\"><div class=\"wpb_column vc_column_container vc_col-sm-3\"><div class=\"vc_column-inner\"><div class=\"wpb_wrapper\"><div class=\"vc_icon_element vc_icon_element-outer vc_do_icon vc_icon_element-align-center vc_icon_element-have-style\"><div class=\"vc_icon_element-inner vc_icon_element-color-white vc_icon_element-have-style-inner vc_icon_element-size-lg vc_icon_element-style-rounded vc_icon_element-background vc_icon_element-background-color-custom\"  style=\"background-color:#F39C12\"><span class=\"vc_icon_element-icon fa fa-solid fa-medal\" ><\/span><\/div><\/div><h4 style=\"font-size: 25px;color: #8D5A2B;line-height: 1.2;text-align: center\" class=\"vc_custom_heading vc_do_custom_heading\" >Quality<\/h4>\n\t<div class=\"wpb_text_column wpb_content_element\" >\n\t\t<div class=\"wpb_wrapper\">\n\t\t\t<p style=\"text-align: center;\">Ensure the distribution of reliable, safe products that comply with international standards.<\/p>\n\n\t\t<\/div>\n\t<\/div>\n<\/div><\/div><\/div><div class=\"wpb_column vc_column_container vc_col-sm-3\"><div class=\"vc_column-inner\"><div class=\"wpb_wrapper\"><div class=\"vc_icon_element vc_icon_element-outer vc_do_icon vc_icon_element-align-center vc_icon_element-have-style\"><div class=\"vc_icon_element-inner vc_icon_element-color-white vc_icon_element-have-style-inner vc_icon_element-size-lg vc_icon_element-style-rounded vc_icon_element-background vc_icon_element-background-color-custom\"  style=\"background-color:#F39C12\"><span class=\"vc_icon_element-icon fas fa-adjust\" ><\/span><\/div><\/div><h4 style=\"font-size: 25px;color: #8D5A2B;line-height: 1.2;text-align: center\" class=\"vc_custom_heading vc_do_custom_heading\" >Integrity &amp; Transparency<\/h4>\n\t<div class=\"wpb_text_column wpb_content_element\" >\n\t\t<div class=\"wpb_wrapper\">\n\t\t\t<p style=\"text-align: center;\">Build lasting relationships based on honesty, rigor and clear communication.<\/p>\n\n\t\t<\/div>\n\t<\/div>\n<\/div><\/div><\/div><div class=\"wpb_column vc_column_container vc_col-sm-3\"><div class=\"vc_column-inner\"><div class=\"wpb_wrapper\"><div class=\"vc_icon_element vc_icon_element-outer vc_do_icon vc_icon_element-align-center vc_icon_element-have-style\"><div class=\"vc_icon_element-inner vc_icon_element-color-white vc_icon_element-have-style-inner vc_icon_element-size-lg vc_icon_element-style-rounded vc_icon_element-background vc_icon_element-background-color-custom\"  style=\"background-color:#F39C12\"><span class=\"vc_icon_element-icon fa fa-solid fa-lightbulb\" ><\/span><\/div><\/div><h4 style=\"font-size: 25px;color: #8D5A2B;line-height: 1.2;text-align: center\" class=\"vc_custom_heading vc_do_custom_heading\" >Innovation &amp; Continuous Improvement<\/h4>\n\t<div class=\"wpb_text_column wpb_content_element\" >\n\t\t<div class=\"wpb_wrapper\">\n\t\t\t<p style=\"text-align: center;\">Explore new markets, ingredients and solutions to meet emerging needs.<\/p>\n\n\t\t<\/div>\n\t<\/div>\n<\/div><\/div><\/div><div class=\"wpb_column vc_column_container vc_col-sm-3\"><div class=\"vc_column-inner\"><div class=\"wpb_wrapper\"><div class=\"vc_icon_element vc_icon_element-outer vc_do_icon vc_icon_element-align-center vc_icon_element-have-style\"><div class=\"vc_icon_element-inner vc_icon_element-color-white vc_icon_element-have-style-inner vc_icon_element-size-lg vc_icon_element-style-rounded vc_icon_element-background vc_icon_element-background-color-custom\"  style=\"background-color:#F39C12\"><span class=\"vc_icon_element-icon fas fa-adjust\" ><\/span><\/div><\/div><h4 style=\"font-size: 25px;color: #8D5A2B;line-height: 1.2;text-align: center\" class=\"vc_custom_heading vc_do_custom_heading\" >Reliability &amp; Commitment<\/h4>\n\t<div class=\"wpb_text_column wpb_content_element\" >\n\t\t<div class=\"wpb_wrapper\">\n\t\t\t<p style=\"text-align: center;\">Guarantee a constant, responsive and customer satisfaction-oriented service.<\/p>\n\n\t\t<\/div>\n\t<\/div>\n<\/div><\/div><\/div><\/div><div class=\"vc_row wpb_row vc_row-fluid\"><div class=\"wpb_column vc_column_container vc_col-sm-12 vc_col-has-fill\"><div class=\"vc_column-inner vc_custom_1771425977819\"><div class=\"wpb_wrapper\"><h2 style=\"text-align: center\" class=\"vc_custom_heading vc_do_custom_heading\" >POSITIONNEMENT STRATEGIQUE<\/h2>\n\t<div class=\"wpb_text_column wpb_content_element\" >\n\t\t<div class=\"wpb_wrapper\">\n\t\t\t<p>\u00ab Un partenaire commercial fiable, connect\u00e9 aux march\u00e9s internationaux, sp\u00e9cialis\u00e9 dans l\u2019exportation de mati\u00e8res premi\u00e8res uniques et l\u2019importation de produits nutritionnels et parapharmaceutiques certifi\u00e9s, avec une expertise technique et r\u00e9glementaire forte, permettant aux entreprises et institutions de s\u00e9curiser leur cha\u00eene d\u2019approvisionnement. \u00bb<\/p>\n\n\t\t<\/div>\n\t<\/div>\n<\/div><\/div><\/div><\/div><div data-vc-full-width=\"true\" data-vc-full-width-temp=\"true\" data-vc-full-width-init=\"false\" data-vc-stretch-content=\"true\" class=\"vc_row wpb_row vc_row-fluid vc_row-no-padding\"><div class=\"wpb_column vc_column_container vc_col-sm-12\"><div class=\"vc_column-inner\"><div class=\"wpb_wrapper\"><div class=\"vc_separator wpb_content_element vc_separator_align_center vc_sep_width_100 vc_sep_pos_align_center vc_separator_no_text vc_sep_color_grey wpb_content_element  wpb_content_element\" ><span class=\"vc_sep_holder vc_sep_holder_l\"><span class=\"vc_sep_line\"><\/span><\/span><span class=\"vc_sep_holder vc_sep_holder_r\"><span class=\"vc_sep_line\"><\/span><\/span>\n<\/div><\/div><\/div><\/div><\/div><div class=\"vc_row-full-width vc_clearfix\"><\/div>\n<\/div>","protected":false},"excerpt":{"rendered":"IWONOR NEGOCE La confiance comme standard, la qualit\u00e9 comme promesse QUI SOMMES-NOUS? IWONOR NEGOCE est une entreprise innovante \u00e9voluant au [...]","protected":false},"author":1,"featured_media":0,"parent":0,"menu_order":0,"comment_status":"closed","ping_status":"closed","template":"","meta":{"site-sidebar-layout":"no-sidebar","site-content-layout":"plain-container","ast-site-content-layout":"default","site-content-style":"default","site-sidebar-style":"default","ast-global-header-display":"","ast-banner-title-visibility":"","ast-main-header-display":"","ast-hfb-above-header-display":"","ast-hfb-below-header-display":"","ast-hfb-mobile-header-display":"","site-post-title":"disabled","ast-breadcrumbs-content":"","ast-featured-img":"disabled","footer-sml-layout":"","ast-disable-related-posts":"","theme-transparent-header-meta":"default","adv-header-id-meta":"","stick-header-meta":"","header-above-stick-meta":"","header-main-stick-meta":"","header-below-stick-meta":"","astra-migrate-meta-layouts":"set","ast-page-background-enabled":"default","ast-page-background-meta":{"desktop":{"background-color":"var(--ast-global-color-5)","background-image":"","background-repeat":"repeat","background-position":"center center","background-size":"auto","background-attachment":"scroll","background-type":"","background-media":"","overlay-type":"","overlay-color":"","overlay-opacity":"","overlay-gradient":""},"tablet":{"background-color":"","background-image":"","background-repeat":"repeat","background-position":"center center","background-size":"auto","background-attachment":"scroll","background-type":"","background-media":"","overlay-type":"","overlay-color":"","overlay-opacity":"","overlay-gradient":""},"mobile":{"background-color":"","background-image":"","background-repeat":"repeat","background-position":"center center","background-size":"auto","background-attachment":"scroll","background-type":"","background-media":"","overlay-type":"","overlay-color":"","overlay-opacity":"","overlay-gradient":""}},"ast-content-background-meta":{"desktop":{"background-color":"var(--ast-global-color-4)","background-image":"","background-repeat":"repeat","background-position":"center center","background-size":"auto","background-attachment":"scroll","background-type":"","background-media":"","overlay-type":"","overlay-color":"","overlay-opacity":"","overlay-gradient":""},"tablet":{"background-color":"var(--ast-global-color-4)","background-image":"","background-repeat":"repeat","background-position":"center center","background-size":"auto","background-attachment":"scroll","background-type":"","background-media":"","overlay-type":"","overlay-color":"","overlay-opacity":"","overlay-gradient":""},"mobile":{"background-color":"var(--ast-global-color-4)","background-image":"","background-repeat":"repeat","background-position":"center center","background-size":"auto","background-attachment":"scroll","background-type":"","background-media":"","overlay-type":"","overlay-color":"","overlay-opacity":"","overlay-gradient":""}},"footnotes":""},"class_list":["post-82","page","type-page","status-publish","hentry"],"aioseo_notices":[],"_hostinger_reach_plugin_has_subscription_block":false,"_hostinger_reach_plugin_is_elementor":false,"_links":{"self":[{"href":"https:\/\/iwnnegoce.com\/en\/wp-json\/wp\/v2\/pages\/82","targetHints":{"allow":["GET"]}}],"collection":[{"href":"https:\/\/iwnnegoce.com\/en\/wp-json\/wp\/v2\/pages"}],"about":[{"href":"https:\/\/iwnnegoce.com\/en\/wp-json\/wp\/v2\/types\/page"}],"author":[{"embeddable":true,"href":"https:\/\/iwnnegoce.com\/en\/wp-json\/wp\/v2\/users\/1"}],"replies":[{"embeddable":true,"href":"https:\/\/iwnnegoce.com\/en\/wp-json\/wp\/v2\/comments?post=82"}],"version-history":[{"count":20,"href":"https:\/\/iwnnegoce.com\/en\/wp-json\/wp\/v2\/pages\/82\/revisions"}],"predecessor-version":[{"id":492,"href":"https:\/\/iwnnegoce.com\/en\/wp-json\/wp\/v2\/pages\/82\/revisions\/492"}],"wp:attachment":[{"href":"https:\/\/iwnnegoce.com\/en\/wp-json\/wp\/v2\/media?parent=82"}],"curies":[{"name":"wp","href":"https:\/\/api.w.org\/{rel}","templated":true}]}}